{"id":6,"date":"2015-11-26T10:23:56","date_gmt":"2015-11-26T09:23:56","guid":{"rendered":"http:\/\/www.charpente-pasquereau.fr\/fr\/?page_id=6"},"modified":"2021-04-06T14:21:17","modified_gmt":"2021-04-06T13:21:17","slug":"contact","status":"publish","type":"page","link":"https:\/\/www.charpente-pasquereau.fr\/fr\/contact\/","title":{"rendered":"Contact"},"content":{"rendered":"\n\n\t\t\t\t<a href=\"http:\/\/www.charpente-pasquereau.fr\/fr\" target=\"_self\" itemprop=\"url\" rel=\"noopener noreferrer\">\n\t\t\t\t<img decoding=\"async\" src=\"http:\/\/www.charpente-pasquereau.fr\/fr\/wp-content\/uploads\/2016\/11\/pasquereaulogomarron1.png\" alt=\"pasquereaulogomarron\" itemprop=\"image\" title=\"pasquereaulogomarron\" onerror=\"this.style.display='none'\"  \/>\n\t\t\t\t<\/a>\n\t\t\t\t<a href=\"http:\/\/www.charpente-pasquereau.fr\/fr\" target=\"_self\" itemprop=\"url\" rel=\"noopener noreferrer\">\n\t\t\t\t<img decoding=\"async\" src=\"http:\/\/www.charpente-pasquereau.fr\/fr\/wp-content\/uploads\/2016\/11\/pasquereaulogomarron1.png\" alt=\"pasquereaulogomarron\" itemprop=\"image\" title=\"pasquereaulogomarron\" onerror=\"this.style.display='none'\"  \/>\n\t\t\t\t<\/a>\n\t\t\t\t<img decoding=\"async\" src=\"http:\/\/www.charpente-pasquereau.fr\/fr\/wp-content\/uploads\/2016\/11\/banni\u00e8repetitecran.png\" alt=\"bannierepetitecran\" itemprop=\"image\" title=\"bannierepetitecran\" onerror=\"this.style.display='none'\"  \/>\n\t\t\t\t<img decoding=\"async\" src=\"http:\/\/www.charpente-pasquereau.fr\/fr\/wp-content\/uploads\/2015\/11\/main-boisresp2.png\" alt=\"main-boisresp2\" itemprop=\"image\" title=\"main-boisresp2\" onerror=\"this.style.display='none'\"  \/>\n\t<iframe src=\"https:\/\/www.google.com\/maps\/embed\/v1\/place?q=Pasquereau+Maul%C3%A9on&#038;key=AIzaSyD09zQ9PNDNNy9TadMuzRV_UsPUoWKntt8\" aria-hidden=\"true\"><\/iframe>\n\t\t\t\t<img decoding=\"async\" src=\"http:\/\/www.charpente-pasquereau.fr\/fr\/wp-content\/uploads\/2015\/11\/shutterstock_289429418-1024x683.jpg\" alt=\"shutterstock_289429418\" itemprop=\"image\" title=\"shutterstock_289429418\" onerror=\"this.style.display='none'\"  \/>\n\t<p>L&rsquo;entreprise\u00a0Pasquereau est une entreprise \u00e0 taille humaine qui conserve une implantation locale forte et un go\u00fbt prononc\u00e9 pour les relations de confiance.\u00a0Dans le cadre de son d\u00e9veloppement, l&rsquo;entreprise reste attentive aux talents et aux envies des professionnels qui souhaitent la rejoindre. N&rsquo;h\u00e9sitez donc pas \u00e0 nous faire parvenir vos candidatures en utilisant le formulaire de contact pr\u00e9sent ci-dessus.<\/p>\n\t<p>L&rsquo;entreprise\u00a0Pasquereau est une entreprise \u00e0 taille humaine qui conserve une implantation locale forte et un go\u00fbt prononc\u00e9 pour les relations de confiance.\u00a0Dans le cadre de son d\u00e9veloppement, l&rsquo;entreprise reste attentive aux talents et aux envies des professionnels qui souhaitent la rejoindre. N&rsquo;h\u00e9sitez donc pas \u00e0 nous faire parvenir vos candidatures \u00a0en utilisant le formulaire de contact pr\u00e9sent ci-dessus.<\/p>\n\t\t\t\t<img decoding=\"async\" src=\"http:\/\/www.charpente-pasquereau.fr\/fr\/wp-content\/uploads\/2015\/11\/shutterstock_289429418-1024x683.jpg\" alt=\"shutterstock_289429418\" itemprop=\"image\" title=\"shutterstock_289429418\" onerror=\"this.style.display='none'\"  \/>\n\t\t\t\t<a href=\"http:\/\/www.charpente-pasquereau.fr\/fr\" target=\"_self\" itemprop=\"url\" rel=\"noopener noreferrer\">\n\t\t\t\t<img decoding=\"async\" src=\"http:\/\/www.charpente-pasquereau.fr\/fr\/wp-content\/uploads\/2015\/11\/pasquereau.png\" alt=\"pasquereau\" itemprop=\"image\" title=\"pasquereau\" onerror=\"this.style.display='none'\"  \/>\n\t\t\t\t<\/a>\n\t\n\t\t\t\t<a href=\"http:\/\/www.charpente-pasquereau.fr\/fr\" target=\"_self\" itemprop=\"url\" rel=\"noopener noreferrer\">\n\t\t\t\t<img decoding=\"async\" src=\"http:\/\/www.charpente-pasquereau.fr\/fr\/wp-content\/uploads\/2015\/11\/pasquereau.png\" alt=\"pasquereau\" itemprop=\"image\" title=\"pasquereau\" onerror=\"this.style.display='none'\"  \/>\n\t\t\t\t<\/a>\n\t\n\n","protected":false},"excerpt":{"rendered":"<p>L&rsquo;entreprise\u00a0Pasquereau est une entreprise \u00e0 taille humaine qui conserve une implantation locale forte et un go\u00fbt prononc\u00e9 pour les relations de confiance.\u00a0Dans le cadre de son d\u00e9veloppement, l&rsquo;entreprise reste attentive aux talents et aux envies des professionnels qui souhaitent la rejoindre. N&rsquo;h\u00e9sitez donc pas \u00e0 nous faire parvenir vos candidatures en utilisant le formulaire de&hellip;<\/p>\n","protected":false},"author":1,"featured_media":0,"parent":0,"menu_order":0,"comment_status":"closed","ping_status":"closed","template":"","meta":{"footnotes":""},"class_list":["post-6","page","type-page","status-publish","hentry"],"yoast_head":"<!-- This site is optimized with the Yoast SEO plugin v27.4 - https:\/\/yoast.com\/product\/yoast-seo-wordpress\/ -->\n<title>Contact - Charpentes Pasquereau - Charpentier Menuisier \u00e0 Maul\u00e9on (79)<\/title>\n<meta name=\"robots\" content=\"index, follow, max-snippet:-1, max-image-preview:large, max-video-preview:-1\" \/>\n<link rel=\"canonical\" href=\"https:\/\/www.charpente-pasquereau.fr\/fr\/contact\/\" \/>\n<meta property=\"og:locale\" content=\"fr_FR\" \/>\n<meta property=\"og:type\" content=\"article\" \/>\n<meta property=\"og:title\" content=\"Contact - Charpentes Pasquereau - Charpentier Menuisier \u00e0 Maul\u00e9on (79)\" \/>\n<meta property=\"og:description\" content=\"L&rsquo;entreprise\u00a0Pasquereau est une entreprise \u00e0 taille humaine qui conserve une implantation locale forte et un go\u00fbt prononc\u00e9 pour les relations de confiance.\u00a0Dans le cadre de son d\u00e9veloppement, l&rsquo;entreprise reste attentive aux talents et aux envies des professionnels qui souhaitent la rejoindre. N&rsquo;h\u00e9sitez donc pas \u00e0 nous faire parvenir vos candidatures en utilisant le formulaire de&hellip;\" \/>\n<meta property=\"og:url\" content=\"https:\/\/www.charpente-pasquereau.fr\/fr\/contact\/\" \/>\n<meta property=\"og:site_name\" content=\"Charpentes Pasquereau - Charpentier Menuisier \u00e0 Maul\u00e9on (79)\" \/>\n<meta property=\"article:modified_time\" content=\"2021-04-06T13:21:17+00:00\" \/>\n<meta property=\"og:image\" content=\"http:\/\/www.charpente-pasquereau.fr\/fr\/wp-content\/uploads\/2016\/11\/pasquereaulogomarron1.png\" \/>\n<meta name=\"twitter:card\" content=\"summary_large_image\" \/>\n<meta name=\"twitter:label1\" content=\"Dur\u00e9e de lecture estim\u00e9e\" \/>\n\t<meta name=\"twitter:data1\" content=\"1 minute\" \/>\n<script type=\"application\/ld+json\" class=\"yoast-schema-graph\">{\"@context\":\"https:\\\/\\\/schema.org\",\"@graph\":[{\"@type\":\"WebPage\",\"@id\":\"https:\\\/\\\/www.charpente-pasquereau.fr\\\/fr\\\/contact\\\/\",\"url\":\"https:\\\/\\\/www.charpente-pasquereau.fr\\\/fr\\\/contact\\\/\",\"name\":\"Contact - Charpentes Pasquereau - Charpentier Menuisier \u00e0 Maul\u00e9on (79)\",\"isPartOf\":{\"@id\":\"https:\\\/\\\/www.charpente-pasquereau.fr\\\/fr\\\/#website\"},\"primaryImageOfPage\":{\"@id\":\"https:\\\/\\\/www.charpente-pasquereau.fr\\\/fr\\\/contact\\\/#primaryimage\"},\"image\":{\"@id\":\"https:\\\/\\\/www.charpente-pasquereau.fr\\\/fr\\\/contact\\\/#primaryimage\"},\"thumbnailUrl\":\"http:\\\/\\\/www.charpente-pasquereau.fr\\\/fr\\\/wp-content\\\/uploads\\\/2016\\\/11\\\/pasquereaulogomarron1.png\",\"datePublished\":\"2015-11-26T09:23:56+00:00\",\"dateModified\":\"2021-04-06T13:21:17+00:00\",\"breadcrumb\":{\"@id\":\"https:\\\/\\\/www.charpente-pasquereau.fr\\\/fr\\\/contact\\\/#breadcrumb\"},\"inLanguage\":\"fr-FR\",\"potentialAction\":[{\"@type\":\"ReadAction\",\"target\":[\"https:\\\/\\\/www.charpente-pasquereau.fr\\\/fr\\\/contact\\\/\"]}]},{\"@type\":\"ImageObject\",\"inLanguage\":\"fr-FR\",\"@id\":\"https:\\\/\\\/www.charpente-pasquereau.fr\\\/fr\\\/contact\\\/#primaryimage\",\"url\":\"http:\\\/\\\/www.charpente-pasquereau.fr\\\/fr\\\/wp-content\\\/uploads\\\/2016\\\/11\\\/pasquereaulogomarron1.png\",\"contentUrl\":\"http:\\\/\\\/www.charpente-pasquereau.fr\\\/fr\\\/wp-content\\\/uploads\\\/2016\\\/11\\\/pasquereaulogomarron1.png\"},{\"@type\":\"BreadcrumbList\",\"@id\":\"https:\\\/\\\/www.charpente-pasquereau.fr\\\/fr\\\/contact\\\/#breadcrumb\",\"itemListElement\":[{\"@type\":\"ListItem\",\"position\":1,\"name\":\"Accueil\",\"item\":\"https:\\\/\\\/www.charpente-pasquereau.fr\\\/fr\\\/\"},{\"@type\":\"ListItem\",\"position\":2,\"name\":\"Contact\"}]},{\"@type\":\"WebSite\",\"@id\":\"https:\\\/\\\/www.charpente-pasquereau.fr\\\/fr\\\/#website\",\"url\":\"https:\\\/\\\/www.charpente-pasquereau.fr\\\/fr\\\/\",\"name\":\"Charpentes Pasquereau - Charpentier Menuisier \u00e0 Maul\u00e9on (79)\",\"description\":\"Charpentier menuisier pour le neuf et la r\u00e9novation\",\"publisher\":{\"@id\":\"https:\\\/\\\/www.charpente-pasquereau.fr\\\/fr\\\/#organization\"},\"potentialAction\":[{\"@type\":\"SearchAction\",\"target\":{\"@type\":\"EntryPoint\",\"urlTemplate\":\"https:\\\/\\\/www.charpente-pasquereau.fr\\\/fr\\\/?s={search_term_string}\"},\"query-input\":{\"@type\":\"PropertyValueSpecification\",\"valueRequired\":true,\"valueName\":\"search_term_string\"}}],\"inLanguage\":\"fr-FR\"},{\"@type\":\"Organization\",\"@id\":\"https:\\\/\\\/www.charpente-pasquereau.fr\\\/fr\\\/#organization\",\"name\":\"Charpentes Pasquereau - Charpentier Menuisier \u00e0 Maul\u00e9on (79)\",\"url\":\"https:\\\/\\\/www.charpente-pasquereau.fr\\\/fr\\\/\",\"logo\":{\"@type\":\"ImageObject\",\"inLanguage\":\"fr-FR\",\"@id\":\"https:\\\/\\\/www.charpente-pasquereau.fr\\\/fr\\\/#\\\/schema\\\/logo\\\/image\\\/\",\"url\":\"https:\\\/\\\/www.charpente-pasquereau.fr\\\/fr\\\/wp-content\\\/uploads\\\/2015\\\/11\\\/blanc.png\",\"contentUrl\":\"https:\\\/\\\/www.charpente-pasquereau.fr\\\/fr\\\/wp-content\\\/uploads\\\/2015\\\/11\\\/blanc.png\",\"width\":2510,\"height\":1260,\"caption\":\"Charpentes Pasquereau - Charpentier Menuisier \u00e0 Maul\u00e9on (79)\"},\"image\":{\"@id\":\"https:\\\/\\\/www.charpente-pasquereau.fr\\\/fr\\\/#\\\/schema\\\/logo\\\/image\\\/\"}}]}<\/script>\n<!-- \/ Yoast SEO plugin. -->","yoast_head_json":{"title":"Contact - Charpentes Pasquereau - Charpentier Menuisier \u00e0 Maul\u00e9on (79)","robots":{"index":"index","follow":"follow","max-snippet":"max-snippet:-1","max-image-preview":"max-image-preview:large","max-video-preview":"max-video-preview:-1"},"canonical":"https:\/\/www.charpente-pasquereau.fr\/fr\/contact\/","og_locale":"fr_FR","og_type":"article","og_title":"Contact - Charpentes Pasquereau - Charpentier Menuisier \u00e0 Maul\u00e9on (79)","og_description":"L&rsquo;entreprise\u00a0Pasquereau est une entreprise \u00e0 taille humaine qui conserve une implantation locale forte et un go\u00fbt prononc\u00e9 pour les relations de confiance.\u00a0Dans le cadre de son d\u00e9veloppement, l&rsquo;entreprise reste attentive aux talents et aux envies des professionnels qui souhaitent la rejoindre. N&rsquo;h\u00e9sitez donc pas \u00e0 nous faire parvenir vos candidatures en utilisant le formulaire de&hellip;","og_url":"https:\/\/www.charpente-pasquereau.fr\/fr\/contact\/","og_site_name":"Charpentes Pasquereau - Charpentier Menuisier \u00e0 Maul\u00e9on (79)","article_modified_time":"2021-04-06T13:21:17+00:00","og_image":[{"url":"http:\/\/www.charpente-pasquereau.fr\/fr\/wp-content\/uploads\/2016\/11\/pasquereaulogomarron1.png","type":"","width":"","height":""}],"twitter_card":"summary_large_image","twitter_misc":{"Dur\u00e9e de lecture estim\u00e9e":"1 minute"},"schema":{"@context":"https:\/\/schema.org","@graph":[{"@type":"WebPage","@id":"https:\/\/www.charpente-pasquereau.fr\/fr\/contact\/","url":"https:\/\/www.charpente-pasquereau.fr\/fr\/contact\/","name":"Contact - Charpentes Pasquereau - Charpentier Menuisier \u00e0 Maul\u00e9on (79)","isPartOf":{"@id":"https:\/\/www.charpente-pasquereau.fr\/fr\/#website"},"primaryImageOfPage":{"@id":"https:\/\/www.charpente-pasquereau.fr\/fr\/contact\/#primaryimage"},"image":{"@id":"https:\/\/www.charpente-pasquereau.fr\/fr\/contact\/#primaryimage"},"thumbnailUrl":"http:\/\/www.charpente-pasquereau.fr\/fr\/wp-content\/uploads\/2016\/11\/pasquereaulogomarron1.png","datePublished":"2015-11-26T09:23:56+00:00","dateModified":"2021-04-06T13:21:17+00:00","breadcrumb":{"@id":"https:\/\/www.charpente-pasquereau.fr\/fr\/contact\/#breadcrumb"},"inLanguage":"fr-FR","potentialAction":[{"@type":"ReadAction","target":["https:\/\/www.charpente-pasquereau.fr\/fr\/contact\/"]}]},{"@type":"ImageObject","inLanguage":"fr-FR","@id":"https:\/\/www.charpente-pasquereau.fr\/fr\/contact\/#primaryimage","url":"http:\/\/www.charpente-pasquereau.fr\/fr\/wp-content\/uploads\/2016\/11\/pasquereaulogomarron1.png","contentUrl":"http:\/\/www.charpente-pasquereau.fr\/fr\/wp-content\/uploads\/2016\/11\/pasquereaulogomarron1.png"},{"@type":"BreadcrumbList","@id":"https:\/\/www.charpente-pasquereau.fr\/fr\/contact\/#breadcrumb","itemListElement":[{"@type":"ListItem","position":1,"name":"Accueil","item":"https:\/\/www.charpente-pasquereau.fr\/fr\/"},{"@type":"ListItem","position":2,"name":"Contact"}]},{"@type":"WebSite","@id":"https:\/\/www.charpente-pasquereau.fr\/fr\/#website","url":"https:\/\/www.charpente-pasquereau.fr\/fr\/","name":"Charpentes Pasquereau - Charpentier Menuisier \u00e0 Maul\u00e9on (79)","description":"Charpentier menuisier pour le neuf et la r\u00e9novation","publisher":{"@id":"https:\/\/www.charpente-pasquereau.fr\/fr\/#organization"},"potentialAction":[{"@type":"SearchAction","target":{"@type":"EntryPoint","urlTemplate":"https:\/\/www.charpente-pasquereau.fr\/fr\/?s={search_term_string}"},"query-input":{"@type":"PropertyValueSpecification","valueRequired":true,"valueName":"search_term_string"}}],"inLanguage":"fr-FR"},{"@type":"Organization","@id":"https:\/\/www.charpente-pasquereau.fr\/fr\/#organization","name":"Charpentes Pasquereau - Charpentier Menuisier \u00e0 Maul\u00e9on (79)","url":"https:\/\/www.charpente-pasquereau.fr\/fr\/","logo":{"@type":"ImageObject","inLanguage":"fr-FR","@id":"https:\/\/www.charpente-pasquereau.fr\/fr\/#\/schema\/logo\/image\/","url":"https:\/\/www.charpente-pasquereau.fr\/fr\/wp-content\/uploads\/2015\/11\/blanc.png","contentUrl":"https:\/\/www.charpente-pasquereau.fr\/fr\/wp-content\/uploads\/2015\/11\/blanc.png","width":2510,"height":1260,"caption":"Charpentes Pasquereau - Charpentier Menuisier \u00e0 Maul\u00e9on (79)"},"image":{"@id":"https:\/\/www.charpente-pasquereau.fr\/fr\/#\/schema\/logo\/image\/"}}]}},"_links":{"self":[{"href":"https:\/\/www.charpente-pasquereau.fr\/fr\/wp-json\/wp\/v2\/pages\/6","targetHints":{"allow":["GET"]}}],"collection":[{"href":"https:\/\/www.charpente-pasquereau.fr\/fr\/wp-json\/wp\/v2\/pages"}],"about":[{"href":"https:\/\/www.charpente-pasquereau.fr\/fr\/wp-json\/wp\/v2\/types\/page"}],"author":[{"embeddable":true,"href":"https:\/\/www.charpente-pasquereau.fr\/fr\/wp-json\/wp\/v2\/users\/1"}],"replies":[{"embeddable":true,"href":"https:\/\/www.charpente-pasquereau.fr\/fr\/wp-json\/wp\/v2\/comments?post=6"}],"version-history":[{"count":0,"href":"https:\/\/www.charpente-pasquereau.fr\/fr\/wp-json\/wp\/v2\/pages\/6\/revisions"}],"wp:attachment":[{"href":"https:\/\/www.charpente-pasquereau.fr\/fr\/wp-json\/wp\/v2\/media?parent=6"}],"curies":[{"name":"wp","href":"https:\/\/api.w.org\/{rel}","templated":true}]}}