{"id":54,"date":"2015-12-02T09:48:34","date_gmt":"2015-12-02T08:48:34","guid":{"rendered":"http:\/\/www.charpente-pasquereau.fr\/fr\/?page_id=54"},"modified":"2019-11-22T12:31:05","modified_gmt":"2019-11-22T11:31:05","slug":"charpentes","status":"publish","type":"page","link":"https:\/\/www.charpente-pasquereau.fr\/fr\/ce-que-nous-faisons\/charpentes\/","title":{"rendered":"charpentes"},"content":{"rendered":"\n\t\t\t\t<a href=\"http:\/\/www.charpente-pasquereau.fr\/fr\" target=\"_self\" itemprop=\"url\" rel=\"noopener noreferrer\">\n\t\t\t\t<img decoding=\"async\" src=\"http:\/\/www.charpente-pasquereau.fr\/fr\/wp-content\/uploads\/2016\/11\/pasquereaulogomarron1.png\" alt=\"pasquereaulogomarron\" itemprop=\"image\" title=\"pasquereaulogomarron\" onerror=\"this.style.display='none'\"  \/>\n\t\t\t\t<\/a>\n\t\t\t\t<a href=\"http:\/\/www.charpente-pasquereau.fr\/fr\" target=\"_self\" itemprop=\"url\" rel=\"noopener noreferrer\">\n\t\t\t\t<img decoding=\"async\" src=\"http:\/\/www.charpente-pasquereau.fr\/fr\/wp-content\/uploads\/2016\/11\/pasquereaulogomarron1.png\" alt=\"pasquereaulogomarron\" itemprop=\"image\" title=\"pasquereaulogomarron\" onerror=\"this.style.display='none'\"  \/>\n\t\t\t\t<\/a>\n\t\t\t\t<img decoding=\"async\" src=\"http:\/\/www.charpente-pasquereau.fr\/fr\/wp-content\/uploads\/2016\/11\/banni\u00e8repetitecran.png\" alt=\"bannierepetitecran\" itemprop=\"image\" title=\"bannierepetitecran\" onerror=\"this.style.display='none'\"  \/>\n\t\t\t\t<img decoding=\"async\" src=\"http:\/\/www.charpente-pasquereau.fr\/fr\/wp-content\/uploads\/2015\/11\/main-boisresp2.png\" alt=\"main-boisresp2\" itemprop=\"image\" title=\"main-boisresp2\" onerror=\"this.style.display='none'\"  \/>\n\t<h1>CHARPENTES<\/h1>\n\t<p>L&rsquo;entreprise Pasquereau vous apporte s\u00e9curit\u00e9, fiabilit\u00e9 et savoir-faire pour tous vos travaux de charpente dans l&rsquo;Ouest de la France (Loire Atlantique, Deux-S\u00e8vres, Maine et Loire, Vend\u00e9e, Vienne, Charente, Charente Maritime).<\/p>\n\t\t\t<a href=\"http:\/\/www.charpente-pasquereau.fr\/fr\/contacts\/\" target=\"_self\" role=\"button\" rel=\"noopener noreferrer\">\n\t\t\t\t\t\tCONTACTEZ-NOUS\n\t\t\t\t\t<\/a>\n\t<h2>Charpente TRADITIONNELLE<\/h2>\n\t<p>La charpente traditionnelle propos\u00e9e par l&rsquo;entreprise\u00a0Pasquereau, pour tout type de construction neuve ou en r\u00e9novation, est issue des premiers savoir-faire de l&rsquo;entreprise.<\/p>\n\t<h2>Charpente maison<\/h2>\n\t<p>Qu&rsquo;il s&rsquo;agisse de charpentes traditionnelles ou de fermettes, l&rsquo;entreprise\u00a0Pasquereau met son savoir faire acquis sur un grand nombre de r\u00e9alisations au service de votre maison particuli\u00e8re.<\/p>\n\t<h2>Charpente clocher\/beffroi<\/h2>\n\t<p>Restaurer des charpentes exceptionnelles comme celles des clochers de nos \u00e9glises et de beffrois est devenu une de nos sp\u00e9cialit\u00e9s.<\/p>\n\t<h2>Maison ossature bois<\/h2>\n\t<p>Si vous souhaitez faire construire votre maison en bois pour ses qualit\u00e9s thermiques et esth\u00e9tiques,\u00a0l&rsquo;entreprise peut vous accompagner pour la charpente de votre habitation.<\/p>\n\t\t\t<a href=\"https:\/\/www.charpente-pasquereau.fr\/fr\/ce-que-nous-faisons\/\" target=\"_self\" role=\"button\" rel=\"noopener noreferrer\">\n\t\t\t\t\t\t\tVOIR TOUTES LES R\u00c9ALISATIONS\n\t\t\t\t\t<\/a>\n\t\t\t\t<a href=\"http:\/\/www.charpente-pasquereau.fr\/fr\" target=\"_self\" itemprop=\"url\" rel=\"noopener noreferrer\">\n\t\t\t\t<img decoding=\"async\" src=\"http:\/\/www.charpente-pasquereau.fr\/fr\/wp-content\/uploads\/2015\/11\/pasquereau.png\" alt=\"pasquereau\" itemprop=\"image\" title=\"pasquereau\" onerror=\"this.style.display='none'\"  \/>\n\t\t\t\t<\/a>\n\t<p>Zone d&rsquo;activit\u00e9s de la gare &#8211;\u00a0Saint-Aubin-de-Baubign\u00e9<br \/>BP 26021 &#8211; 79700 MAULEON\u00a0&#8211;\u00a0T\u00e9l. : 05 49 81 41 45<br \/><a href=\"mailto:contact@sarl-pasquereau.fr\" target=\"_blank\" rel=\"noopener noreferrer\">contact@sarl-pasquereau.fr<\/a><\/p>\n\t\t\t\t<a href=\"http:\/\/www.charpente-pasquereau.fr\/fr\" target=\"_self\" itemprop=\"url\" rel=\"noopener noreferrer\">\n\t\t\t\t<img decoding=\"async\" src=\"http:\/\/www.charpente-pasquereau.fr\/fr\/wp-content\/uploads\/2015\/11\/pasquereau.png\" alt=\"pasquereau\" itemprop=\"image\" title=\"pasquereau\" onerror=\"this.style.display='none'\"  \/>\n\t\t\t\t<\/a>\n\t<p>Zone d&rsquo;activit\u00e9s de la gare &#8211;\u00a0Saint-Aubin-de-Baubign\u00e9<br \/>BP 26021 &#8211; 79700 MAULEON\u00a0&#8211;\u00a0T\u00e9l. : 05 49 81 41 45<br \/><a href=\"mailto:contact@sarl-pasquereau.fr\" target=\"_blank\" rel=\"noopener noreferrer\">contact@sarl-pasquereau.fr<\/a><\/p>\n","protected":false},"excerpt":{"rendered":"<p>CHARPENTES L&rsquo;entreprise Pasquereau vous apporte s\u00e9curit\u00e9, fiabilit\u00e9 et savoir-faire pour tous vos travaux de charpente dans l&rsquo;Ouest de la France (Loire Atlantique, Deux-S\u00e8vres, Maine et Loire, Vend\u00e9e, Vienne, Charente, Charente Maritime). CONTACTEZ-NOUS Charpente TRADITIONNELLE La charpente traditionnelle propos\u00e9e par l&rsquo;entreprise\u00a0Pasquereau, pour tout type de construction neuve ou en r\u00e9novation, est issue des premiers savoir-faire de&hellip;<\/p>\n","protected":false},"author":1,"featured_media":0,"parent":35,"menu_order":0,"comment_status":"closed","ping_status":"closed","template":"","meta":{"footnotes":""},"class_list":["post-54","page","type-page","status-publish","hentry"],"yoast_head":"<!-- This site is optimized with the Yoast SEO plugin v27.5 - https:\/\/yoast.com\/product\/yoast-seo-wordpress\/ -->\n<title>charpentes - Charpentes Pasquereau - Charpentier Menuisier \u00e0 Maul\u00e9on (79)<\/title>\n<meta name=\"robots\" content=\"index, follow, max-snippet:-1, max-image-preview:large, max-video-preview:-1\" \/>\n<link rel=\"canonical\" href=\"https:\/\/www.charpente-pasquereau.fr\/fr\/ce-que-nous-faisons\/charpentes\/\" \/>\n<meta property=\"og:locale\" content=\"fr_FR\" \/>\n<meta property=\"og:type\" content=\"article\" \/>\n<meta property=\"og:title\" content=\"charpentes - Charpentes Pasquereau - Charpentier Menuisier \u00e0 Maul\u00e9on (79)\" \/>\n<meta property=\"og:description\" content=\"CHARPENTES L&rsquo;entreprise Pasquereau vous apporte s\u00e9curit\u00e9, fiabilit\u00e9 et savoir-faire pour tous vos travaux de charpente dans l&rsquo;Ouest de la France (Loire Atlantique, Deux-S\u00e8vres, Maine et Loire, Vend\u00e9e, Vienne, Charente, Charente Maritime). CONTACTEZ-NOUS Charpente TRADITIONNELLE La charpente traditionnelle propos\u00e9e par l&rsquo;entreprise\u00a0Pasquereau, pour tout type de construction neuve ou en r\u00e9novation, est issue des premiers savoir-faire de&hellip;\" \/>\n<meta property=\"og:url\" content=\"https:\/\/www.charpente-pasquereau.fr\/fr\/ce-que-nous-faisons\/charpentes\/\" \/>\n<meta property=\"og:site_name\" content=\"Charpentes Pasquereau - Charpentier Menuisier \u00e0 Maul\u00e9on (79)\" \/>\n<meta property=\"article:modified_time\" content=\"2019-11-22T11:31:05+00:00\" \/>\n<meta property=\"og:image\" content=\"http:\/\/www.charpente-pasquereau.fr\/fr\/wp-content\/uploads\/2016\/11\/pasquereaulogomarron1.png\" \/>\n<meta name=\"twitter:card\" content=\"summary_large_image\" \/>\n<meta name=\"twitter:label1\" content=\"Dur\u00e9e de lecture estim\u00e9e\" \/>\n\t<meta name=\"twitter:data1\" content=\"1 minute\" \/>\n<script type=\"application\/ld+json\" class=\"yoast-schema-graph\">{\"@context\":\"https:\\\/\\\/schema.org\",\"@graph\":[{\"@type\":\"WebPage\",\"@id\":\"https:\\\/\\\/www.charpente-pasquereau.fr\\\/fr\\\/ce-que-nous-faisons\\\/charpentes\\\/\",\"url\":\"https:\\\/\\\/www.charpente-pasquereau.fr\\\/fr\\\/ce-que-nous-faisons\\\/charpentes\\\/\",\"name\":\"charpentes - Charpentes Pasquereau - Charpentier Menuisier \u00e0 Maul\u00e9on (79)\",\"isPartOf\":{\"@id\":\"https:\\\/\\\/www.charpente-pasquereau.fr\\\/fr\\\/#website\"},\"primaryImageOfPage\":{\"@id\":\"https:\\\/\\\/www.charpente-pasquereau.fr\\\/fr\\\/ce-que-nous-faisons\\\/charpentes\\\/#primaryimage\"},\"image\":{\"@id\":\"https:\\\/\\\/www.charpente-pasquereau.fr\\\/fr\\\/ce-que-nous-faisons\\\/charpentes\\\/#primaryimage\"},\"thumbnailUrl\":\"http:\\\/\\\/www.charpente-pasquereau.fr\\\/fr\\\/wp-content\\\/uploads\\\/2016\\\/11\\\/pasquereaulogomarron1.png\",\"datePublished\":\"2015-12-02T08:48:34+00:00\",\"dateModified\":\"2019-11-22T11:31:05+00:00\",\"breadcrumb\":{\"@id\":\"https:\\\/\\\/www.charpente-pasquereau.fr\\\/fr\\\/ce-que-nous-faisons\\\/charpentes\\\/#breadcrumb\"},\"inLanguage\":\"fr-FR\",\"potentialAction\":[{\"@type\":\"ReadAction\",\"target\":[\"https:\\\/\\\/www.charpente-pasquereau.fr\\\/fr\\\/ce-que-nous-faisons\\\/charpentes\\\/\"]}]},{\"@type\":\"ImageObject\",\"inLanguage\":\"fr-FR\",\"@id\":\"https:\\\/\\\/www.charpente-pasquereau.fr\\\/fr\\\/ce-que-nous-faisons\\\/charpentes\\\/#primaryimage\",\"url\":\"http:\\\/\\\/www.charpente-pasquereau.fr\\\/fr\\\/wp-content\\\/uploads\\\/2016\\\/11\\\/pasquereaulogomarron1.png\",\"contentUrl\":\"http:\\\/\\\/www.charpente-pasquereau.fr\\\/fr\\\/wp-content\\\/uploads\\\/2016\\\/11\\\/pasquereaulogomarron1.png\"},{\"@type\":\"BreadcrumbList\",\"@id\":\"https:\\\/\\\/www.charpente-pasquereau.fr\\\/fr\\\/ce-que-nous-faisons\\\/charpentes\\\/#breadcrumb\",\"itemListElement\":[{\"@type\":\"ListItem\",\"position\":1,\"name\":\"Accueil\",\"item\":\"https:\\\/\\\/www.charpente-pasquereau.fr\\\/fr\\\/\"},{\"@type\":\"ListItem\",\"position\":2,\"name\":\"r\u00e9alisations \\\/ travaux\",\"item\":\"https:\\\/\\\/www.charpente-pasquereau.fr\\\/fr\\\/ce-que-nous-faisons\\\/\"},{\"@type\":\"ListItem\",\"position\":3,\"name\":\"charpentes\"}]},{\"@type\":\"WebSite\",\"@id\":\"https:\\\/\\\/www.charpente-pasquereau.fr\\\/fr\\\/#website\",\"url\":\"https:\\\/\\\/www.charpente-pasquereau.fr\\\/fr\\\/\",\"name\":\"Charpentes Pasquereau - Charpentier Menuisier \u00e0 Maul\u00e9on (79)\",\"description\":\"Charpentier menuisier pour le neuf et la r\u00e9novation\",\"publisher\":{\"@id\":\"https:\\\/\\\/www.charpente-pasquereau.fr\\\/fr\\\/#organization\"},\"potentialAction\":[{\"@type\":\"SearchAction\",\"target\":{\"@type\":\"EntryPoint\",\"urlTemplate\":\"https:\\\/\\\/www.charpente-pasquereau.fr\\\/fr\\\/?s={search_term_string}\"},\"query-input\":{\"@type\":\"PropertyValueSpecification\",\"valueRequired\":true,\"valueName\":\"search_term_string\"}}],\"inLanguage\":\"fr-FR\"},{\"@type\":\"Organization\",\"@id\":\"https:\\\/\\\/www.charpente-pasquereau.fr\\\/fr\\\/#organization\",\"name\":\"Charpentes Pasquereau - Charpentier Menuisier \u00e0 Maul\u00e9on (79)\",\"url\":\"https:\\\/\\\/www.charpente-pasquereau.fr\\\/fr\\\/\",\"logo\":{\"@type\":\"ImageObject\",\"inLanguage\":\"fr-FR\",\"@id\":\"https:\\\/\\\/www.charpente-pasquereau.fr\\\/fr\\\/#\\\/schema\\\/logo\\\/image\\\/\",\"url\":\"https:\\\/\\\/www.charpente-pasquereau.fr\\\/fr\\\/wp-content\\\/uploads\\\/2015\\\/11\\\/blanc.png\",\"contentUrl\":\"https:\\\/\\\/www.charpente-pasquereau.fr\\\/fr\\\/wp-content\\\/uploads\\\/2015\\\/11\\\/blanc.png\",\"width\":2510,\"height\":1260,\"caption\":\"Charpentes Pasquereau - Charpentier Menuisier \u00e0 Maul\u00e9on (79)\"},\"image\":{\"@id\":\"https:\\\/\\\/www.charpente-pasquereau.fr\\\/fr\\\/#\\\/schema\\\/logo\\\/image\\\/\"}}]}<\/script>\n<!-- \/ Yoast SEO plugin. -->","yoast_head_json":{"title":"charpentes - Charpentes Pasquereau - Charpentier Menuisier \u00e0 Maul\u00e9on (79)","robots":{"index":"index","follow":"follow","max-snippet":"max-snippet:-1","max-image-preview":"max-image-preview:large","max-video-preview":"max-video-preview:-1"},"canonical":"https:\/\/www.charpente-pasquereau.fr\/fr\/ce-que-nous-faisons\/charpentes\/","og_locale":"fr_FR","og_type":"article","og_title":"charpentes - Charpentes Pasquereau - Charpentier Menuisier \u00e0 Maul\u00e9on (79)","og_description":"CHARPENTES L&rsquo;entreprise Pasquereau vous apporte s\u00e9curit\u00e9, fiabilit\u00e9 et savoir-faire pour tous vos travaux de charpente dans l&rsquo;Ouest de la France (Loire Atlantique, Deux-S\u00e8vres, Maine et Loire, Vend\u00e9e, Vienne, Charente, Charente Maritime). CONTACTEZ-NOUS Charpente TRADITIONNELLE La charpente traditionnelle propos\u00e9e par l&rsquo;entreprise\u00a0Pasquereau, pour tout type de construction neuve ou en r\u00e9novation, est issue des premiers savoir-faire de&hellip;","og_url":"https:\/\/www.charpente-pasquereau.fr\/fr\/ce-que-nous-faisons\/charpentes\/","og_site_name":"Charpentes Pasquereau - Charpentier Menuisier \u00e0 Maul\u00e9on (79)","article_modified_time":"2019-11-22T11:31:05+00:00","og_image":[{"url":"http:\/\/www.charpente-pasquereau.fr\/fr\/wp-content\/uploads\/2016\/11\/pasquereaulogomarron1.png","type":"","width":"","height":""}],"twitter_card":"summary_large_image","twitter_misc":{"Dur\u00e9e de lecture estim\u00e9e":"1 minute"},"schema":{"@context":"https:\/\/schema.org","@graph":[{"@type":"WebPage","@id":"https:\/\/www.charpente-pasquereau.fr\/fr\/ce-que-nous-faisons\/charpentes\/","url":"https:\/\/www.charpente-pasquereau.fr\/fr\/ce-que-nous-faisons\/charpentes\/","name":"charpentes - Charpentes Pasquereau - Charpentier Menuisier \u00e0 Maul\u00e9on (79)","isPartOf":{"@id":"https:\/\/www.charpente-pasquereau.fr\/fr\/#website"},"primaryImageOfPage":{"@id":"https:\/\/www.charpente-pasquereau.fr\/fr\/ce-que-nous-faisons\/charpentes\/#primaryimage"},"image":{"@id":"https:\/\/www.charpente-pasquereau.fr\/fr\/ce-que-nous-faisons\/charpentes\/#primaryimage"},"thumbnailUrl":"http:\/\/www.charpente-pasquereau.fr\/fr\/wp-content\/uploads\/2016\/11\/pasquereaulogomarron1.png","datePublished":"2015-12-02T08:48:34+00:00","dateModified":"2019-11-22T11:31:05+00:00","breadcrumb":{"@id":"https:\/\/www.charpente-pasquereau.fr\/fr\/ce-que-nous-faisons\/charpentes\/#breadcrumb"},"inLanguage":"fr-FR","potentialAction":[{"@type":"ReadAction","target":["https:\/\/www.charpente-pasquereau.fr\/fr\/ce-que-nous-faisons\/charpentes\/"]}]},{"@type":"ImageObject","inLanguage":"fr-FR","@id":"https:\/\/www.charpente-pasquereau.fr\/fr\/ce-que-nous-faisons\/charpentes\/#primaryimage","url":"http:\/\/www.charpente-pasquereau.fr\/fr\/wp-content\/uploads\/2016\/11\/pasquereaulogomarron1.png","contentUrl":"http:\/\/www.charpente-pasquereau.fr\/fr\/wp-content\/uploads\/2016\/11\/pasquereaulogomarron1.png"},{"@type":"BreadcrumbList","@id":"https:\/\/www.charpente-pasquereau.fr\/fr\/ce-que-nous-faisons\/charpentes\/#breadcrumb","itemListElement":[{"@type":"ListItem","position":1,"name":"Accueil","item":"https:\/\/www.charpente-pasquereau.fr\/fr\/"},{"@type":"ListItem","position":2,"name":"r\u00e9alisations \/ travaux","item":"https:\/\/www.charpente-pasquereau.fr\/fr\/ce-que-nous-faisons\/"},{"@type":"ListItem","position":3,"name":"charpentes"}]},{"@type":"WebSite","@id":"https:\/\/www.charpente-pasquereau.fr\/fr\/#website","url":"https:\/\/www.charpente-pasquereau.fr\/fr\/","name":"Charpentes Pasquereau - Charpentier Menuisier \u00e0 Maul\u00e9on (79)","description":"Charpentier menuisier pour le neuf et la r\u00e9novation","publisher":{"@id":"https:\/\/www.charpente-pasquereau.fr\/fr\/#organization"},"potentialAction":[{"@type":"SearchAction","target":{"@type":"EntryPoint","urlTemplate":"https:\/\/www.charpente-pasquereau.fr\/fr\/?s={search_term_string}"},"query-input":{"@type":"PropertyValueSpecification","valueRequired":true,"valueName":"search_term_string"}}],"inLanguage":"fr-FR"},{"@type":"Organization","@id":"https:\/\/www.charpente-pasquereau.fr\/fr\/#organization","name":"Charpentes Pasquereau - Charpentier Menuisier \u00e0 Maul\u00e9on (79)","url":"https:\/\/www.charpente-pasquereau.fr\/fr\/","logo":{"@type":"ImageObject","inLanguage":"fr-FR","@id":"https:\/\/www.charpente-pasquereau.fr\/fr\/#\/schema\/logo\/image\/","url":"https:\/\/www.charpente-pasquereau.fr\/fr\/wp-content\/uploads\/2015\/11\/blanc.png","contentUrl":"https:\/\/www.charpente-pasquereau.fr\/fr\/wp-content\/uploads\/2015\/11\/blanc.png","width":2510,"height":1260,"caption":"Charpentes Pasquereau - Charpentier Menuisier \u00e0 Maul\u00e9on (79)"},"image":{"@id":"https:\/\/www.charpente-pasquereau.fr\/fr\/#\/schema\/logo\/image\/"}}]}},"_links":{"self":[{"href":"https:\/\/www.charpente-pasquereau.fr\/fr\/wp-json\/wp\/v2\/pages\/54","targetHints":{"allow":["GET"]}}],"collection":[{"href":"https:\/\/www.charpente-pasquereau.fr\/fr\/wp-json\/wp\/v2\/pages"}],"about":[{"href":"https:\/\/www.charpente-pasquereau.fr\/fr\/wp-json\/wp\/v2\/types\/page"}],"author":[{"embeddable":true,"href":"https:\/\/www.charpente-pasquereau.fr\/fr\/wp-json\/wp\/v2\/users\/1"}],"replies":[{"embeddable":true,"href":"https:\/\/www.charpente-pasquereau.fr\/fr\/wp-json\/wp\/v2\/comments?post=54"}],"version-history":[{"count":0,"href":"https:\/\/www.charpente-pasquereau.fr\/fr\/wp-json\/wp\/v2\/pages\/54\/revisions"}],"up":[{"embeddable":true,"href":"https:\/\/www.charpente-pasquereau.fr\/fr\/wp-json\/wp\/v2\/pages\/35"}],"wp:attachment":[{"href":"https:\/\/www.charpente-pasquereau.fr\/fr\/wp-json\/wp\/v2\/media?parent=54"}],"curies":[{"name":"wp","href":"https:\/\/api.w.org\/{rel}","templated":true}]}}