{"id":38,"date":"2015-11-30T15:21:31","date_gmt":"2015-11-30T14:21:31","guid":{"rendered":"http:\/\/www.charpente-pasquereau.fr\/fr\/?page_id=38"},"modified":"2023-12-11T11:51:48","modified_gmt":"2023-12-11T10:51:48","slug":"qui-nous-sommes","status":"publish","type":"page","link":"https:\/\/www.charpente-pasquereau.fr\/fr\/qui-nous-sommes\/","title":{"rendered":"Qui nous sommes"},"content":{"rendered":"\n<h1>\n\t\tUn savoir-faire de charpentier<br \/>au service du patrimoine et des maisons individuelles\n\t<\/h1>\n\t<h2>HISTORIQUE<\/h2>\n\t\t\t\t<img decoding=\"async\" src=\"http:\/\/www.charpente-pasquereau.fr\/fr\/wp-content\/uploads\/2015\/11\/bois1-e1475661144721.png\" alt=\"bois\" itemprop=\"image\" title=\"bois\" onerror=\"this.style.display='none'\"  \/>\n\t<p>Cr\u00e9\u00e9e en 1964 par Michel Pasquereau, l&rsquo;entreprise\u00a0Pasquereau est n\u00e9e des m\u00e9tiers du bois,\u00a0d&rsquo;abord atelier de menuiserie, elle propose ses services dans le domaine de la charpente\u00a0d\u00e8s 1980.\u00a0Reprise par Fabrice Pasquereau et Christian Poingt en 1992, puis Mr Pasquereau seul en\u00a0juin 2014, l&rsquo;entreprise continue de d\u00e9velopper son activit\u00e9 de charpentier traditionnel avec\u00a0notamment la restauration de nombreux ouvrages de patrimoine comme des <a href=\"https:\/\/www.charpente-pasquereau.fr\/fr\/ce-que-nous-faisons\/charpentes\/\">clochers\u00a0d&rsquo;\u00e9glise ou beffrois.<\/a><\/p>\n\t<h2>SAVOIR-FAIRE<\/h2>\n\t<p>N\u00e9e du bois, l&rsquo;entreprise poss\u00e8de un savoir-faire particuli\u00e8rement adapt\u00e9 aux travaux de charpentes et de menuiserie. <a href=\"https:\/\/www.charpente-pasquereau.fr\/fr\/ce-que-nous-faisons\/charpentes\/\">Charpentes traditionnelles<\/a> mais aussi charpentes sp\u00e9cifiques aux maisons ossatures bois. L&rsquo;entreprise Pasquereau peut r\u00e9aliser avec qualit\u00e9 tous les travaux de construction ou de r\u00e9novation li\u00e9s au bois : <a href=\"https:\/\/www.charpente-pasquereau.fr\/fr\/ce-que-nous-faisons\/menuiseries-interieures\/\">parquets, plafonds<\/a>, <a href=\"https:\/\/www.charpente-pasquereau.fr\/fr\/ce-que-nous-faisons\/terrasses-pontons-platelages-passerelles\/\">terrasses<\/a>, <a href=\"https:\/\/www.charpente-pasquereau.fr\/fr\/ce-que-nous-faisons\/menuiseries-interieures\/\">menuiseries int\u00e9reures<\/a> et <a href=\"https:\/\/www.charpente-pasquereau.fr\/fr\/ce-que-nous-faisons\/menuiseries-exterieures-2\/\">ext\u00e9rieures&#8230;<\/a><\/p>\n\t\t\t\t<img decoding=\"async\" src=\"http:\/\/www.charpente-pasquereau.fr\/fr\/wp-content\/uploads\/2015\/11\/marteau-e1475759862160.png\" alt=\"marteau\" itemprop=\"image\" title=\"marteau\" onerror=\"this.style.display='none'\"  \/>\n\t\t\t\t<img loading=\"lazy\" decoding=\"async\" src=\"https:\/\/www.charpente-pasquereau.fr\/fr\/wp-content\/uploads\/2019\/11\/l-equipe-charpente-pasquereau.jpg\" alt=\"L'equipe pasquereau\" itemprop=\"image\" height=\"776\" width=\"600\" title=\"L'equipe pasquereau\" onerror=\"this.style.display='none'\"  \/>\n\t<h2>Centre d&rsquo;usinage<\/h2>\n\t<p>Aujourd&rsquo;hui, l&rsquo;entreprise poursuit son d\u00e9veloppement. Nous venons notamment de faire l&rsquo;acquisition d&rsquo;un centre d&rsquo;usinage pour la fabrication de menuiseries ext\u00e9rieures en bois.<\/p>\n\t\t\t\t<a href=\"https:\/\/www.charpente-pasquereau.fr\/fr\/wp-content\/uploads\/2023\/12\/PLAQUE_FEDER_pasquereau.jpg\" target=\"_self\" itemprop=\"url\" rel=\"noopener\">\n\t\t\t\t<img loading=\"lazy\" decoding=\"async\" src=\"https:\/\/www.charpente-pasquereau.fr\/fr\/wp-content\/uploads\/2023\/12\/PLAQUE_FEDER_pasquereau-200x300.jpg\" alt=\"PLAQUE_FEDER_pasquereau\" itemprop=\"image\" height=\"300\" width=\"200\" title=\"PLAQUE_FEDER_pasquereau\" onerror=\"this.style.display='none'\"  \/>\n\t\t\t\t<\/a>\n\t\t\t\t<img decoding=\"async\" src=\"http:\/\/www.charpente-pasquereau.fr\/fr\/wp-content\/uploads\/2015\/11\/RGE.png\" alt=\"rge\" itemprop=\"image\" title=\"rge\" onerror=\"this.style.display='none'\"  \/>\n\t<p>Depuis 1999, l&rsquo;entreprise est qualifi\u00e9e Qualibat et ( RGE en 2014) une certification professionnelle\u00a0qui vient\u00a0r\u00e9compenser l&rsquo;alliance d&rsquo;un savoir-faire traditionnel et des outils et m\u00e9thodes modernes.<\/p>\n<p>2312 Charpente &#8211; Mention \u00ab\u00a0patrimoine b\u00e2ti\u00a0\u00bb<br \/>2392 Restauration de charpente du Patrimoine Ancien<br \/>4322 Menuiserie &#8211; Mention \u00ab\u00a0patrimoine b\u00e2ti\u00a0\u00bb<\/p>\n\n","protected":false},"excerpt":{"rendered":"<p>Un savoir-faire de charpentierau service du patrimoine et des maisons individuelles HISTORIQUE Cr\u00e9\u00e9e en 1964 par Michel Pasquereau, l&rsquo;entreprise\u00a0Pasquereau est n\u00e9e des m\u00e9tiers du bois,\u00a0d&rsquo;abord atelier de menuiserie, elle propose ses services dans le domaine de la charpente\u00a0d\u00e8s 1980.\u00a0Reprise par Fabrice Pasquereau et Christian Poingt en 1992, puis Mr Pasquereau seul en\u00a0juin 2014, l&rsquo;entreprise continue&hellip;<\/p>\n","protected":false},"author":1,"featured_media":0,"parent":0,"menu_order":0,"comment_status":"closed","ping_status":"closed","template":"","meta":{"footnotes":""},"class_list":["post-38","page","type-page","status-publish","hentry"],"yoast_head":"<!-- This site is optimized with the Yoast SEO plugin v27.5 - https:\/\/yoast.com\/product\/yoast-seo-wordpress\/ -->\n<title>Qui nous sommes - Charpentes Pasquereau - Charpentier Menuisier \u00e0 Maul\u00e9on (79)<\/title>\n<meta name=\"robots\" content=\"index, follow, max-snippet:-1, max-image-preview:large, max-video-preview:-1\" \/>\n<link rel=\"canonical\" href=\"https:\/\/www.charpente-pasquereau.fr\/fr\/qui-nous-sommes\/\" \/>\n<meta property=\"og:locale\" content=\"fr_FR\" \/>\n<meta property=\"og:type\" content=\"article\" \/>\n<meta property=\"og:title\" content=\"Qui nous sommes - Charpentes Pasquereau - Charpentier Menuisier \u00e0 Maul\u00e9on (79)\" \/>\n<meta property=\"og:description\" content=\"Un savoir-faire de charpentierau service du patrimoine et des maisons individuelles HISTORIQUE Cr\u00e9\u00e9e en 1964 par Michel Pasquereau, l&rsquo;entreprise\u00a0Pasquereau est n\u00e9e des m\u00e9tiers du bois,\u00a0d&rsquo;abord atelier de menuiserie, elle propose ses services dans le domaine de la charpente\u00a0d\u00e8s 1980.\u00a0Reprise par Fabrice Pasquereau et Christian Poingt en 1992, puis Mr Pasquereau seul en\u00a0juin 2014, l&rsquo;entreprise continue&hellip;\" \/>\n<meta property=\"og:url\" content=\"https:\/\/www.charpente-pasquereau.fr\/fr\/qui-nous-sommes\/\" \/>\n<meta property=\"og:site_name\" content=\"Charpentes Pasquereau - Charpentier Menuisier \u00e0 Maul\u00e9on (79)\" \/>\n<meta property=\"article:modified_time\" content=\"2023-12-11T10:51:48+00:00\" \/>\n<meta property=\"og:image\" content=\"http:\/\/www.charpente-pasquereau.fr\/fr\/wp-content\/uploads\/2015\/11\/bois1-e1475661144721.png\" \/>\n<meta name=\"twitter:card\" content=\"summary_large_image\" \/>\n<meta name=\"twitter:label1\" content=\"Dur\u00e9e de lecture estim\u00e9e\" \/>\n\t<meta name=\"twitter:data1\" content=\"1 minute\" \/>\n<script type=\"application\/ld+json\" class=\"yoast-schema-graph\">{\"@context\":\"https:\\\/\\\/schema.org\",\"@graph\":[{\"@type\":\"WebPage\",\"@id\":\"https:\\\/\\\/www.charpente-pasquereau.fr\\\/fr\\\/qui-nous-sommes\\\/\",\"url\":\"https:\\\/\\\/www.charpente-pasquereau.fr\\\/fr\\\/qui-nous-sommes\\\/\",\"name\":\"Qui nous sommes - Charpentes Pasquereau - Charpentier Menuisier \u00e0 Maul\u00e9on (79)\",\"isPartOf\":{\"@id\":\"https:\\\/\\\/www.charpente-pasquereau.fr\\\/fr\\\/#website\"},\"primaryImageOfPage\":{\"@id\":\"https:\\\/\\\/www.charpente-pasquereau.fr\\\/fr\\\/qui-nous-sommes\\\/#primaryimage\"},\"image\":{\"@id\":\"https:\\\/\\\/www.charpente-pasquereau.fr\\\/fr\\\/qui-nous-sommes\\\/#primaryimage\"},\"thumbnailUrl\":\"http:\\\/\\\/www.charpente-pasquereau.fr\\\/fr\\\/wp-content\\\/uploads\\\/2015\\\/11\\\/bois1-e1475661144721.png\",\"datePublished\":\"2015-11-30T14:21:31+00:00\",\"dateModified\":\"2023-12-11T10:51:48+00:00\",\"breadcrumb\":{\"@id\":\"https:\\\/\\\/www.charpente-pasquereau.fr\\\/fr\\\/qui-nous-sommes\\\/#breadcrumb\"},\"inLanguage\":\"fr-FR\",\"potentialAction\":[{\"@type\":\"ReadAction\",\"target\":[\"https:\\\/\\\/www.charpente-pasquereau.fr\\\/fr\\\/qui-nous-sommes\\\/\"]}]},{\"@type\":\"ImageObject\",\"inLanguage\":\"fr-FR\",\"@id\":\"https:\\\/\\\/www.charpente-pasquereau.fr\\\/fr\\\/qui-nous-sommes\\\/#primaryimage\",\"url\":\"http:\\\/\\\/www.charpente-pasquereau.fr\\\/fr\\\/wp-content\\\/uploads\\\/2015\\\/11\\\/bois1-e1475661144721.png\",\"contentUrl\":\"http:\\\/\\\/www.charpente-pasquereau.fr\\\/fr\\\/wp-content\\\/uploads\\\/2015\\\/11\\\/bois1-e1475661144721.png\"},{\"@type\":\"BreadcrumbList\",\"@id\":\"https:\\\/\\\/www.charpente-pasquereau.fr\\\/fr\\\/qui-nous-sommes\\\/#breadcrumb\",\"itemListElement\":[{\"@type\":\"ListItem\",\"position\":1,\"name\":\"Accueil\",\"item\":\"https:\\\/\\\/www.charpente-pasquereau.fr\\\/fr\\\/\"},{\"@type\":\"ListItem\",\"position\":2,\"name\":\"Qui nous sommes\"}]},{\"@type\":\"WebSite\",\"@id\":\"https:\\\/\\\/www.charpente-pasquereau.fr\\\/fr\\\/#website\",\"url\":\"https:\\\/\\\/www.charpente-pasquereau.fr\\\/fr\\\/\",\"name\":\"Charpentes Pasquereau - Charpentier Menuisier \u00e0 Maul\u00e9on (79)\",\"description\":\"Charpentier menuisier pour le neuf et la r\u00e9novation\",\"publisher\":{\"@id\":\"https:\\\/\\\/www.charpente-pasquereau.fr\\\/fr\\\/#organization\"},\"potentialAction\":[{\"@type\":\"SearchAction\",\"target\":{\"@type\":\"EntryPoint\",\"urlTemplate\":\"https:\\\/\\\/www.charpente-pasquereau.fr\\\/fr\\\/?s={search_term_string}\"},\"query-input\":{\"@type\":\"PropertyValueSpecification\",\"valueRequired\":true,\"valueName\":\"search_term_string\"}}],\"inLanguage\":\"fr-FR\"},{\"@type\":\"Organization\",\"@id\":\"https:\\\/\\\/www.charpente-pasquereau.fr\\\/fr\\\/#organization\",\"name\":\"Charpentes Pasquereau - Charpentier Menuisier \u00e0 Maul\u00e9on (79)\",\"url\":\"https:\\\/\\\/www.charpente-pasquereau.fr\\\/fr\\\/\",\"logo\":{\"@type\":\"ImageObject\",\"inLanguage\":\"fr-FR\",\"@id\":\"https:\\\/\\\/www.charpente-pasquereau.fr\\\/fr\\\/#\\\/schema\\\/logo\\\/image\\\/\",\"url\":\"https:\\\/\\\/www.charpente-pasquereau.fr\\\/fr\\\/wp-content\\\/uploads\\\/2015\\\/11\\\/blanc.png\",\"contentUrl\":\"https:\\\/\\\/www.charpente-pasquereau.fr\\\/fr\\\/wp-content\\\/uploads\\\/2015\\\/11\\\/blanc.png\",\"width\":2510,\"height\":1260,\"caption\":\"Charpentes Pasquereau - Charpentier Menuisier \u00e0 Maul\u00e9on (79)\"},\"image\":{\"@id\":\"https:\\\/\\\/www.charpente-pasquereau.fr\\\/fr\\\/#\\\/schema\\\/logo\\\/image\\\/\"}}]}<\/script>\n<!-- \/ Yoast SEO plugin. -->","yoast_head_json":{"title":"Qui nous sommes - Charpentes Pasquereau - Charpentier Menuisier \u00e0 Maul\u00e9on (79)","robots":{"index":"index","follow":"follow","max-snippet":"max-snippet:-1","max-image-preview":"max-image-preview:large","max-video-preview":"max-video-preview:-1"},"canonical":"https:\/\/www.charpente-pasquereau.fr\/fr\/qui-nous-sommes\/","og_locale":"fr_FR","og_type":"article","og_title":"Qui nous sommes - Charpentes Pasquereau - Charpentier Menuisier \u00e0 Maul\u00e9on (79)","og_description":"Un savoir-faire de charpentierau service du patrimoine et des maisons individuelles HISTORIQUE Cr\u00e9\u00e9e en 1964 par Michel Pasquereau, l&rsquo;entreprise\u00a0Pasquereau est n\u00e9e des m\u00e9tiers du bois,\u00a0d&rsquo;abord atelier de menuiserie, elle propose ses services dans le domaine de la charpente\u00a0d\u00e8s 1980.\u00a0Reprise par Fabrice Pasquereau et Christian Poingt en 1992, puis Mr Pasquereau seul en\u00a0juin 2014, l&rsquo;entreprise continue&hellip;","og_url":"https:\/\/www.charpente-pasquereau.fr\/fr\/qui-nous-sommes\/","og_site_name":"Charpentes Pasquereau - Charpentier Menuisier \u00e0 Maul\u00e9on (79)","article_modified_time":"2023-12-11T10:51:48+00:00","og_image":[{"url":"http:\/\/www.charpente-pasquereau.fr\/fr\/wp-content\/uploads\/2015\/11\/bois1-e1475661144721.png","type":"","width":"","height":""}],"twitter_card":"summary_large_image","twitter_misc":{"Dur\u00e9e de lecture estim\u00e9e":"1 minute"},"schema":{"@context":"https:\/\/schema.org","@graph":[{"@type":"WebPage","@id":"https:\/\/www.charpente-pasquereau.fr\/fr\/qui-nous-sommes\/","url":"https:\/\/www.charpente-pasquereau.fr\/fr\/qui-nous-sommes\/","name":"Qui nous sommes - Charpentes Pasquereau - Charpentier Menuisier \u00e0 Maul\u00e9on (79)","isPartOf":{"@id":"https:\/\/www.charpente-pasquereau.fr\/fr\/#website"},"primaryImageOfPage":{"@id":"https:\/\/www.charpente-pasquereau.fr\/fr\/qui-nous-sommes\/#primaryimage"},"image":{"@id":"https:\/\/www.charpente-pasquereau.fr\/fr\/qui-nous-sommes\/#primaryimage"},"thumbnailUrl":"http:\/\/www.charpente-pasquereau.fr\/fr\/wp-content\/uploads\/2015\/11\/bois1-e1475661144721.png","datePublished":"2015-11-30T14:21:31+00:00","dateModified":"2023-12-11T10:51:48+00:00","breadcrumb":{"@id":"https:\/\/www.charpente-pasquereau.fr\/fr\/qui-nous-sommes\/#breadcrumb"},"inLanguage":"fr-FR","potentialAction":[{"@type":"ReadAction","target":["https:\/\/www.charpente-pasquereau.fr\/fr\/qui-nous-sommes\/"]}]},{"@type":"ImageObject","inLanguage":"fr-FR","@id":"https:\/\/www.charpente-pasquereau.fr\/fr\/qui-nous-sommes\/#primaryimage","url":"http:\/\/www.charpente-pasquereau.fr\/fr\/wp-content\/uploads\/2015\/11\/bois1-e1475661144721.png","contentUrl":"http:\/\/www.charpente-pasquereau.fr\/fr\/wp-content\/uploads\/2015\/11\/bois1-e1475661144721.png"},{"@type":"BreadcrumbList","@id":"https:\/\/www.charpente-pasquereau.fr\/fr\/qui-nous-sommes\/#breadcrumb","itemListElement":[{"@type":"ListItem","position":1,"name":"Accueil","item":"https:\/\/www.charpente-pasquereau.fr\/fr\/"},{"@type":"ListItem","position":2,"name":"Qui nous sommes"}]},{"@type":"WebSite","@id":"https:\/\/www.charpente-pasquereau.fr\/fr\/#website","url":"https:\/\/www.charpente-pasquereau.fr\/fr\/","name":"Charpentes Pasquereau - Charpentier Menuisier \u00e0 Maul\u00e9on (79)","description":"Charpentier menuisier pour le neuf et la r\u00e9novation","publisher":{"@id":"https:\/\/www.charpente-pasquereau.fr\/fr\/#organization"},"potentialAction":[{"@type":"SearchAction","target":{"@type":"EntryPoint","urlTemplate":"https:\/\/www.charpente-pasquereau.fr\/fr\/?s={search_term_string}"},"query-input":{"@type":"PropertyValueSpecification","valueRequired":true,"valueName":"search_term_string"}}],"inLanguage":"fr-FR"},{"@type":"Organization","@id":"https:\/\/www.charpente-pasquereau.fr\/fr\/#organization","name":"Charpentes Pasquereau - Charpentier Menuisier \u00e0 Maul\u00e9on (79)","url":"https:\/\/www.charpente-pasquereau.fr\/fr\/","logo":{"@type":"ImageObject","inLanguage":"fr-FR","@id":"https:\/\/www.charpente-pasquereau.fr\/fr\/#\/schema\/logo\/image\/","url":"https:\/\/www.charpente-pasquereau.fr\/fr\/wp-content\/uploads\/2015\/11\/blanc.png","contentUrl":"https:\/\/www.charpente-pasquereau.fr\/fr\/wp-content\/uploads\/2015\/11\/blanc.png","width":2510,"height":1260,"caption":"Charpentes Pasquereau - Charpentier Menuisier \u00e0 Maul\u00e9on (79)"},"image":{"@id":"https:\/\/www.charpente-pasquereau.fr\/fr\/#\/schema\/logo\/image\/"}}]}},"_links":{"self":[{"href":"https:\/\/www.charpente-pasquereau.fr\/fr\/wp-json\/wp\/v2\/pages\/38","targetHints":{"allow":["GET"]}}],"collection":[{"href":"https:\/\/www.charpente-pasquereau.fr\/fr\/wp-json\/wp\/v2\/pages"}],"about":[{"href":"https:\/\/www.charpente-pasquereau.fr\/fr\/wp-json\/wp\/v2\/types\/page"}],"author":[{"embeddable":true,"href":"https:\/\/www.charpente-pasquereau.fr\/fr\/wp-json\/wp\/v2\/users\/1"}],"replies":[{"embeddable":true,"href":"https:\/\/www.charpente-pasquereau.fr\/fr\/wp-json\/wp\/v2\/comments?post=38"}],"version-history":[{"count":0,"href":"https:\/\/www.charpente-pasquereau.fr\/fr\/wp-json\/wp\/v2\/pages\/38\/revisions"}],"wp:attachment":[{"href":"https:\/\/www.charpente-pasquereau.fr\/fr\/wp-json\/wp\/v2\/media?parent=38"}],"curies":[{"name":"wp","href":"https:\/\/api.w.org\/{rel}","templated":true}]}}