{"id":129,"date":"2016-10-04T14:24:21","date_gmt":"2016-10-04T13:24:21","guid":{"rendered":"http:\/\/www.charpente-pasquereau.fr\/fr\/?page_id=129"},"modified":"2019-11-22T14:35:22","modified_gmt":"2019-11-22T13:35:22","slug":"terrasses-pontons-platelages-passerelles","status":"publish","type":"page","link":"https:\/\/www.charpente-pasquereau.fr\/fr\/ce-que-nous-faisons\/terrasses-pontons-platelages-passerelles\/","title":{"rendered":"Terrasses \/ Pontons \/ Platelages \/ Passerelles"},"content":{"rendered":"\n\t\t\t\t<a href=\"http:\/\/www.charpente-pasquereau.fr\/fr\" target=\"_self\" itemprop=\"url\" rel=\"noopener noreferrer\">\n\t\t\t\t<img decoding=\"async\" src=\"http:\/\/www.charpente-pasquereau.fr\/fr\/wp-content\/uploads\/2016\/11\/pasquereaulogomarron1.png\" alt=\"pasquereaulogomarron\" itemprop=\"image\" title=\"pasquereaulogomarron\" onerror=\"this.style.display='none'\"  \/>\n\t\t\t\t<\/a>\n\t\t\t\t<a href=\"http:\/\/www.charpente-pasquereau.fr\/fr\" target=\"_self\" itemprop=\"url\" rel=\"noopener noreferrer\">\n\t\t\t\t<img decoding=\"async\" src=\"http:\/\/www.charpente-pasquereau.fr\/fr\/wp-content\/uploads\/2016\/11\/pasquereaulogomarron1.png\" alt=\"pasquereaulogomarron\" itemprop=\"image\" title=\"pasquereaulogomarron\" onerror=\"this.style.display='none'\"  \/>\n\t\t\t\t<\/a>\n\t\t\t\t<img decoding=\"async\" src=\"http:\/\/www.charpente-pasquereau.fr\/fr\/wp-content\/uploads\/2016\/11\/banni\u00e8repetitecran.png\" alt=\"bannierepetitecran\" itemprop=\"image\" title=\"bannierepetitecran\" onerror=\"this.style.display='none'\"  \/>\n\t\t\t\t<img decoding=\"async\" src=\"http:\/\/www.charpente-pasquereau.fr\/fr\/wp-content\/uploads\/2015\/11\/main-boisresp2.png\" alt=\"main-boisresp2\" itemprop=\"image\" title=\"main-boisresp2\" onerror=\"this.style.display='none'\"  \/>\n\t<h1>Terrasses, pontons, platelages<\/h1>\n\tGr\u00e2ce \u00e0 sa connaissance et sa ma\u00eetrise du bois, l&rsquo;entreprise\u00a0Pasquereau peut vous proposer tous types d&rsquo;am\u00e9nagements de planchers, de la terrasse \u00e0 la passerelle.<br \/>\nLa qualit\u00e9 reconnue de l&rsquo;entreprise lui permet de r\u00e9aliser des chantiers importants avec des contraintes particuli\u00e8res.\n\t\t\t<a href=\"http:\/\/www.charpente-pasquereau.fr\/fr\/contacts\/\" target=\"_self\" role=\"button\" rel=\"noopener noreferrer\">\n\t\t\t\t\t\tCONTACTEZ-NOUS\n\t\t\t\t\t<\/a>\n\t<h2>TERRASSES<\/h2>\n\t<p>La charpente traditionnelle propos\u00e9e par l&rsquo;entreprise\u00a0Pasquereau, pour tout type de construction neuve ou en r\u00e9novation, est issue des premiers savoir-faire de l&rsquo;entreprise.<\/p>\n\t<h2>PONTONS<\/h2>\n\t<p>Qu&rsquo;il s&rsquo;agisse de charpentes traditionnelles ou de fermettes, l&rsquo;entreprise\u00a0Pasquereau met son savoir faire acquis sur un grand nombre de r\u00e9alisations au service de votre maison particuli\u00e8re.<\/p>\n\t\t\t<a href=\"https:\/\/www.charpente-pasquereau.fr\/fr\/ce-que-nous-faisons\/\" target=\"_self\" role=\"button\" rel=\"noopener noreferrer\">\n\t\t\t\t\t\t\tVOIR TOUTES LES R\u00c9ALISATIONS\n\t\t\t\t\t<\/a>\n\t\t\t\t<a href=\"http:\/\/www.charpente-pasquereau.fr\/fr\" target=\"_self\" itemprop=\"url\" rel=\"noopener noreferrer\">\n\t\t\t\t<img decoding=\"async\" src=\"http:\/\/www.charpente-pasquereau.fr\/fr\/wp-content\/uploads\/2015\/11\/pasquereau.png\" alt=\"pasquereau\" itemprop=\"image\" title=\"pasquereau\" onerror=\"this.style.display='none'\"  \/>\n\t\t\t\t<\/a>\n\t<p>Zone d&rsquo;activit\u00e9s de la gare &#8211;\u00a0Saint-Aubin-de-Baubign\u00e9<br \/>BP 26021 &#8211; 79700 MAULEON\u00a0&#8211;\u00a0T\u00e9l. : 05 49 81 41 45<br \/><a href=\"mailto:contact@sarl-pasquereau.fr\" target=\"_blank\" rel=\"noopener noreferrer\">contact@sarl-pasquereau.fr<\/a><\/p>\n\t\t\t\t<a href=\"http:\/\/www.charpente-pasquereau.fr\/fr\" target=\"_self\" itemprop=\"url\" rel=\"noopener noreferrer\">\n\t\t\t\t<img decoding=\"async\" src=\"http:\/\/www.charpente-pasquereau.fr\/fr\/wp-content\/uploads\/2015\/11\/pasquereau.png\" alt=\"pasquereau\" itemprop=\"image\" title=\"pasquereau\" onerror=\"this.style.display='none'\"  \/>\n\t\t\t\t<\/a>\n\t<p>Zone d&rsquo;activit\u00e9s de la gare &#8211;\u00a0Saint-Aubin-de-Baubign\u00e9<br \/>BP 26021 &#8211; 79700 MAULEON\u00a0&#8211;\u00a0T\u00e9l. : 05 49 81 41 45<br \/><a href=\"mailto:contact@sarl-pasquereau.fr\" target=\"_blank\" rel=\"noopener noreferrer\">contact@sarl-pasquereau.fr<\/a><\/p>\n","protected":false},"excerpt":{"rendered":"<p>Terrasses, pontons, platelages Gr\u00e2ce \u00e0 sa connaissance et sa ma\u00eetrise du bois, l&rsquo;entreprise\u00a0Pasquereau peut vous proposer tous types d&rsquo;am\u00e9nagements de planchers, de la terrasse \u00e0 la passerelle. La qualit\u00e9 reconnue de l&rsquo;entreprise lui permet de r\u00e9aliser des chantiers importants avec des contraintes particuli\u00e8res. CONTACTEZ-NOUS TERRASSES La charpente traditionnelle propos\u00e9e par l&rsquo;entreprise\u00a0Pasquereau, pour tout type de&hellip;<\/p>\n","protected":false},"author":1,"featured_media":0,"parent":35,"menu_order":0,"comment_status":"closed","ping_status":"closed","template":"","meta":{"footnotes":""},"class_list":["post-129","page","type-page","status-publish","hentry"],"yoast_head":"<!-- This site is optimized with the Yoast SEO plugin v27.5 - https:\/\/yoast.com\/product\/yoast-seo-wordpress\/ -->\n<title>Terrasses \/ Pontons \/ Platelages \/ Passerelles - Charpentes Pasquereau - Charpentier Menuisier \u00e0 Maul\u00e9on (79)<\/title>\n<meta name=\"robots\" content=\"index, follow, max-snippet:-1, max-image-preview:large, max-video-preview:-1\" \/>\n<link rel=\"canonical\" href=\"https:\/\/www.charpente-pasquereau.fr\/fr\/ce-que-nous-faisons\/terrasses-pontons-platelages-passerelles\/\" \/>\n<meta property=\"og:locale\" content=\"fr_FR\" \/>\n<meta property=\"og:type\" content=\"article\" \/>\n<meta property=\"og:title\" content=\"Terrasses \/ Pontons \/ Platelages \/ Passerelles - Charpentes Pasquereau - Charpentier Menuisier \u00e0 Maul\u00e9on (79)\" \/>\n<meta property=\"og:description\" content=\"Terrasses, pontons, platelages Gr\u00e2ce \u00e0 sa connaissance et sa ma\u00eetrise du bois, l&rsquo;entreprise\u00a0Pasquereau peut vous proposer tous types d&rsquo;am\u00e9nagements de planchers, de la terrasse \u00e0 la passerelle. La qualit\u00e9 reconnue de l&rsquo;entreprise lui permet de r\u00e9aliser des chantiers importants avec des contraintes particuli\u00e8res. CONTACTEZ-NOUS TERRASSES La charpente traditionnelle propos\u00e9e par l&rsquo;entreprise\u00a0Pasquereau, pour tout type de&hellip;\" \/>\n<meta property=\"og:url\" content=\"https:\/\/www.charpente-pasquereau.fr\/fr\/ce-que-nous-faisons\/terrasses-pontons-platelages-passerelles\/\" \/>\n<meta property=\"og:site_name\" content=\"Charpentes Pasquereau - Charpentier Menuisier \u00e0 Maul\u00e9on (79)\" \/>\n<meta property=\"article:modified_time\" content=\"2019-11-22T13:35:22+00:00\" \/>\n<meta property=\"og:image\" content=\"http:\/\/www.charpente-pasquereau.fr\/fr\/wp-content\/uploads\/2016\/11\/pasquereaulogomarron1.png\" \/>\n<meta name=\"twitter:card\" content=\"summary_large_image\" \/>\n<meta name=\"twitter:label1\" content=\"Dur\u00e9e de lecture estim\u00e9e\" \/>\n\t<meta name=\"twitter:data1\" content=\"1 minute\" \/>\n<script type=\"application\/ld+json\" class=\"yoast-schema-graph\">{\"@context\":\"https:\\\/\\\/schema.org\",\"@graph\":[{\"@type\":\"WebPage\",\"@id\":\"https:\\\/\\\/www.charpente-pasquereau.fr\\\/fr\\\/ce-que-nous-faisons\\\/terrasses-pontons-platelages-passerelles\\\/\",\"url\":\"https:\\\/\\\/www.charpente-pasquereau.fr\\\/fr\\\/ce-que-nous-faisons\\\/terrasses-pontons-platelages-passerelles\\\/\",\"name\":\"Terrasses \\\/ Pontons \\\/ Platelages \\\/ Passerelles - Charpentes Pasquereau - Charpentier Menuisier \u00e0 Maul\u00e9on (79)\",\"isPartOf\":{\"@id\":\"https:\\\/\\\/www.charpente-pasquereau.fr\\\/fr\\\/#website\"},\"primaryImageOfPage\":{\"@id\":\"https:\\\/\\\/www.charpente-pasquereau.fr\\\/fr\\\/ce-que-nous-faisons\\\/terrasses-pontons-platelages-passerelles\\\/#primaryimage\"},\"image\":{\"@id\":\"https:\\\/\\\/www.charpente-pasquereau.fr\\\/fr\\\/ce-que-nous-faisons\\\/terrasses-pontons-platelages-passerelles\\\/#primaryimage\"},\"thumbnailUrl\":\"http:\\\/\\\/www.charpente-pasquereau.fr\\\/fr\\\/wp-content\\\/uploads\\\/2016\\\/11\\\/pasquereaulogomarron1.png\",\"datePublished\":\"2016-10-04T13:24:21+00:00\",\"dateModified\":\"2019-11-22T13:35:22+00:00\",\"breadcrumb\":{\"@id\":\"https:\\\/\\\/www.charpente-pasquereau.fr\\\/fr\\\/ce-que-nous-faisons\\\/terrasses-pontons-platelages-passerelles\\\/#breadcrumb\"},\"inLanguage\":\"fr-FR\",\"potentialAction\":[{\"@type\":\"ReadAction\",\"target\":[\"https:\\\/\\\/www.charpente-pasquereau.fr\\\/fr\\\/ce-que-nous-faisons\\\/terrasses-pontons-platelages-passerelles\\\/\"]}]},{\"@type\":\"ImageObject\",\"inLanguage\":\"fr-FR\",\"@id\":\"https:\\\/\\\/www.charpente-pasquereau.fr\\\/fr\\\/ce-que-nous-faisons\\\/terrasses-pontons-platelages-passerelles\\\/#primaryimage\",\"url\":\"http:\\\/\\\/www.charpente-pasquereau.fr\\\/fr\\\/wp-content\\\/uploads\\\/2016\\\/11\\\/pasquereaulogomarron1.png\",\"contentUrl\":\"http:\\\/\\\/www.charpente-pasquereau.fr\\\/fr\\\/wp-content\\\/uploads\\\/2016\\\/11\\\/pasquereaulogomarron1.png\"},{\"@type\":\"BreadcrumbList\",\"@id\":\"https:\\\/\\\/www.charpente-pasquereau.fr\\\/fr\\\/ce-que-nous-faisons\\\/terrasses-pontons-platelages-passerelles\\\/#breadcrumb\",\"itemListElement\":[{\"@type\":\"ListItem\",\"position\":1,\"name\":\"Accueil\",\"item\":\"https:\\\/\\\/www.charpente-pasquereau.fr\\\/fr\\\/\"},{\"@type\":\"ListItem\",\"position\":2,\"name\":\"r\u00e9alisations \\\/ travaux\",\"item\":\"https:\\\/\\\/www.charpente-pasquereau.fr\\\/fr\\\/ce-que-nous-faisons\\\/\"},{\"@type\":\"ListItem\",\"position\":3,\"name\":\"Terrasses \\\/ Pontons \\\/ Platelages \\\/ Passerelles\"}]},{\"@type\":\"WebSite\",\"@id\":\"https:\\\/\\\/www.charpente-pasquereau.fr\\\/fr\\\/#website\",\"url\":\"https:\\\/\\\/www.charpente-pasquereau.fr\\\/fr\\\/\",\"name\":\"Charpentes Pasquereau - Charpentier Menuisier \u00e0 Maul\u00e9on (79)\",\"description\":\"Charpentier menuisier pour le neuf et la r\u00e9novation\",\"publisher\":{\"@id\":\"https:\\\/\\\/www.charpente-pasquereau.fr\\\/fr\\\/#organization\"},\"potentialAction\":[{\"@type\":\"SearchAction\",\"target\":{\"@type\":\"EntryPoint\",\"urlTemplate\":\"https:\\\/\\\/www.charpente-pasquereau.fr\\\/fr\\\/?s={search_term_string}\"},\"query-input\":{\"@type\":\"PropertyValueSpecification\",\"valueRequired\":true,\"valueName\":\"search_term_string\"}}],\"inLanguage\":\"fr-FR\"},{\"@type\":\"Organization\",\"@id\":\"https:\\\/\\\/www.charpente-pasquereau.fr\\\/fr\\\/#organization\",\"name\":\"Charpentes Pasquereau - Charpentier Menuisier \u00e0 Maul\u00e9on (79)\",\"url\":\"https:\\\/\\\/www.charpente-pasquereau.fr\\\/fr\\\/\",\"logo\":{\"@type\":\"ImageObject\",\"inLanguage\":\"fr-FR\",\"@id\":\"https:\\\/\\\/www.charpente-pasquereau.fr\\\/fr\\\/#\\\/schema\\\/logo\\\/image\\\/\",\"url\":\"https:\\\/\\\/www.charpente-pasquereau.fr\\\/fr\\\/wp-content\\\/uploads\\\/2015\\\/11\\\/blanc.png\",\"contentUrl\":\"https:\\\/\\\/www.charpente-pasquereau.fr\\\/fr\\\/wp-content\\\/uploads\\\/2015\\\/11\\\/blanc.png\",\"width\":2510,\"height\":1260,\"caption\":\"Charpentes Pasquereau - Charpentier Menuisier \u00e0 Maul\u00e9on (79)\"},\"image\":{\"@id\":\"https:\\\/\\\/www.charpente-pasquereau.fr\\\/fr\\\/#\\\/schema\\\/logo\\\/image\\\/\"}}]}<\/script>\n<!-- \/ Yoast SEO plugin. -->","yoast_head_json":{"title":"Terrasses \/ Pontons \/ Platelages \/ Passerelles - Charpentes Pasquereau - Charpentier Menuisier \u00e0 Maul\u00e9on (79)","robots":{"index":"index","follow":"follow","max-snippet":"max-snippet:-1","max-image-preview":"max-image-preview:large","max-video-preview":"max-video-preview:-1"},"canonical":"https:\/\/www.charpente-pasquereau.fr\/fr\/ce-que-nous-faisons\/terrasses-pontons-platelages-passerelles\/","og_locale":"fr_FR","og_type":"article","og_title":"Terrasses \/ Pontons \/ Platelages \/ Passerelles - Charpentes Pasquereau - Charpentier Menuisier \u00e0 Maul\u00e9on (79)","og_description":"Terrasses, pontons, platelages Gr\u00e2ce \u00e0 sa connaissance et sa ma\u00eetrise du bois, l&rsquo;entreprise\u00a0Pasquereau peut vous proposer tous types d&rsquo;am\u00e9nagements de planchers, de la terrasse \u00e0 la passerelle. La qualit\u00e9 reconnue de l&rsquo;entreprise lui permet de r\u00e9aliser des chantiers importants avec des contraintes particuli\u00e8res. CONTACTEZ-NOUS TERRASSES La charpente traditionnelle propos\u00e9e par l&rsquo;entreprise\u00a0Pasquereau, pour tout type de&hellip;","og_url":"https:\/\/www.charpente-pasquereau.fr\/fr\/ce-que-nous-faisons\/terrasses-pontons-platelages-passerelles\/","og_site_name":"Charpentes Pasquereau - Charpentier Menuisier \u00e0 Maul\u00e9on (79)","article_modified_time":"2019-11-22T13:35:22+00:00","og_image":[{"url":"http:\/\/www.charpente-pasquereau.fr\/fr\/wp-content\/uploads\/2016\/11\/pasquereaulogomarron1.png","type":"","width":"","height":""}],"twitter_card":"summary_large_image","twitter_misc":{"Dur\u00e9e de lecture estim\u00e9e":"1 minute"},"schema":{"@context":"https:\/\/schema.org","@graph":[{"@type":"WebPage","@id":"https:\/\/www.charpente-pasquereau.fr\/fr\/ce-que-nous-faisons\/terrasses-pontons-platelages-passerelles\/","url":"https:\/\/www.charpente-pasquereau.fr\/fr\/ce-que-nous-faisons\/terrasses-pontons-platelages-passerelles\/","name":"Terrasses \/ Pontons \/ Platelages \/ Passerelles - Charpentes Pasquereau - Charpentier Menuisier \u00e0 Maul\u00e9on (79)","isPartOf":{"@id":"https:\/\/www.charpente-pasquereau.fr\/fr\/#website"},"primaryImageOfPage":{"@id":"https:\/\/www.charpente-pasquereau.fr\/fr\/ce-que-nous-faisons\/terrasses-pontons-platelages-passerelles\/#primaryimage"},"image":{"@id":"https:\/\/www.charpente-pasquereau.fr\/fr\/ce-que-nous-faisons\/terrasses-pontons-platelages-passerelles\/#primaryimage"},"thumbnailUrl":"http:\/\/www.charpente-pasquereau.fr\/fr\/wp-content\/uploads\/2016\/11\/pasquereaulogomarron1.png","datePublished":"2016-10-04T13:24:21+00:00","dateModified":"2019-11-22T13:35:22+00:00","breadcrumb":{"@id":"https:\/\/www.charpente-pasquereau.fr\/fr\/ce-que-nous-faisons\/terrasses-pontons-platelages-passerelles\/#breadcrumb"},"inLanguage":"fr-FR","potentialAction":[{"@type":"ReadAction","target":["https:\/\/www.charpente-pasquereau.fr\/fr\/ce-que-nous-faisons\/terrasses-pontons-platelages-passerelles\/"]}]},{"@type":"ImageObject","inLanguage":"fr-FR","@id":"https:\/\/www.charpente-pasquereau.fr\/fr\/ce-que-nous-faisons\/terrasses-pontons-platelages-passerelles\/#primaryimage","url":"http:\/\/www.charpente-pasquereau.fr\/fr\/wp-content\/uploads\/2016\/11\/pasquereaulogomarron1.png","contentUrl":"http:\/\/www.charpente-pasquereau.fr\/fr\/wp-content\/uploads\/2016\/11\/pasquereaulogomarron1.png"},{"@type":"BreadcrumbList","@id":"https:\/\/www.charpente-pasquereau.fr\/fr\/ce-que-nous-faisons\/terrasses-pontons-platelages-passerelles\/#breadcrumb","itemListElement":[{"@type":"ListItem","position":1,"name":"Accueil","item":"https:\/\/www.charpente-pasquereau.fr\/fr\/"},{"@type":"ListItem","position":2,"name":"r\u00e9alisations \/ travaux","item":"https:\/\/www.charpente-pasquereau.fr\/fr\/ce-que-nous-faisons\/"},{"@type":"ListItem","position":3,"name":"Terrasses \/ Pontons \/ Platelages \/ Passerelles"}]},{"@type":"WebSite","@id":"https:\/\/www.charpente-pasquereau.fr\/fr\/#website","url":"https:\/\/www.charpente-pasquereau.fr\/fr\/","name":"Charpentes Pasquereau - Charpentier Menuisier \u00e0 Maul\u00e9on (79)","description":"Charpentier menuisier pour le neuf et la r\u00e9novation","publisher":{"@id":"https:\/\/www.charpente-pasquereau.fr\/fr\/#organization"},"potentialAction":[{"@type":"SearchAction","target":{"@type":"EntryPoint","urlTemplate":"https:\/\/www.charpente-pasquereau.fr\/fr\/?s={search_term_string}"},"query-input":{"@type":"PropertyValueSpecification","valueRequired":true,"valueName":"search_term_string"}}],"inLanguage":"fr-FR"},{"@type":"Organization","@id":"https:\/\/www.charpente-pasquereau.fr\/fr\/#organization","name":"Charpentes Pasquereau - Charpentier Menuisier \u00e0 Maul\u00e9on (79)","url":"https:\/\/www.charpente-pasquereau.fr\/fr\/","logo":{"@type":"ImageObject","inLanguage":"fr-FR","@id":"https:\/\/www.charpente-pasquereau.fr\/fr\/#\/schema\/logo\/image\/","url":"https:\/\/www.charpente-pasquereau.fr\/fr\/wp-content\/uploads\/2015\/11\/blanc.png","contentUrl":"https:\/\/www.charpente-pasquereau.fr\/fr\/wp-content\/uploads\/2015\/11\/blanc.png","width":2510,"height":1260,"caption":"Charpentes Pasquereau - Charpentier Menuisier \u00e0 Maul\u00e9on (79)"},"image":{"@id":"https:\/\/www.charpente-pasquereau.fr\/fr\/#\/schema\/logo\/image\/"}}]}},"_links":{"self":[{"href":"https:\/\/www.charpente-pasquereau.fr\/fr\/wp-json\/wp\/v2\/pages\/129","targetHints":{"allow":["GET"]}}],"collection":[{"href":"https:\/\/www.charpente-pasquereau.fr\/fr\/wp-json\/wp\/v2\/pages"}],"about":[{"href":"https:\/\/www.charpente-pasquereau.fr\/fr\/wp-json\/wp\/v2\/types\/page"}],"author":[{"embeddable":true,"href":"https:\/\/www.charpente-pasquereau.fr\/fr\/wp-json\/wp\/v2\/users\/1"}],"replies":[{"embeddable":true,"href":"https:\/\/www.charpente-pasquereau.fr\/fr\/wp-json\/wp\/v2\/comments?post=129"}],"version-history":[{"count":0,"href":"https:\/\/www.charpente-pasquereau.fr\/fr\/wp-json\/wp\/v2\/pages\/129\/revisions"}],"up":[{"embeddable":true,"href":"https:\/\/www.charpente-pasquereau.fr\/fr\/wp-json\/wp\/v2\/pages\/35"}],"wp:attachment":[{"href":"https:\/\/www.charpente-pasquereau.fr\/fr\/wp-json\/wp\/v2\/media?parent=129"}],"curies":[{"name":"wp","href":"https:\/\/api.w.org\/{rel}","templated":true}]}}